{"id":54,"date":"2023-04-30T15:20:00","date_gmt":"2023-04-30T15:20:00","guid":{"rendered":"https:\/\/schuelnerds.ch\/?page_id=54"},"modified":"2023-04-30T17:33:22","modified_gmt":"2023-04-30T15:33:22","slug":"herzlich-willkommen","status":"publish","type":"page","link":"https:\/\/schuelnerds.ch\/","title":{"rendered":"Herzlich willkommen"},"content":{"rendered":"\n<p>Sehr geehrte Eltern, liebe Sch\u00fclerinnen und Sch\u00fcler<\/p>\n\n\n\n<p>Vom 6. bis 10. Februar 2023 steht f\u00fcr die Sch\u00fclerinnen und Sch\u00fcler der Primarschule und Grundstufe der Schule Ober\u00e4geri wiederum ein interessantes Sportwochenprogramm bereit.<\/p>\n\n\n\n<p>Die Eltern werden Anfangs November 2022 \u00fcber das Angebot der Sportwoche schriftlich informiert.<\/p>\n\n\n\n<p>S\u00e4mtliche Informationen sowie die M\u00f6glichkeit zur An- und Abmeldung finden Sie auf dieser Website.<\/p>\n\n\n\n<p>F\u00fcr die Registrierung beachten Sie bitte diese Anleitung.<\/p>\n\n\n\n<p>Wir freuen uns auf eine tolle Sportwoche!<br><br><br>Freundliche Gr\u00fcsse<\/p>\n\n\n\n<p>, Schulleitung &amp; Verantwortlicher Sportwoche<\/p>\n","protected":false},"excerpt":{"rendered":"<p>Sehr geehrte Eltern, liebe Sch\u00fclerinnen und Sch\u00fcler Vom 6. bis 10. Februar 2023 steht f\u00fcr die Sch\u00fclerinnen und Sch\u00fcler der Primarschule und Grundstufe der Schule Ober\u00e4geri wiederum ein interessantes Sportwochenprogramm bereit. Die Eltern werden Anfangs November 2022 \u00fcber das Angebot der Sportwoche schriftlich informiert. S\u00e4mtliche Informationen sowie die M\u00f6glichkeit zur An- und Abmeldung finden Sie [&hellip;]<\/p>\n","protected":false},"author":1,"featured_media":0,"parent":0,"menu_order":0,"comment_status":"closed","ping_status":"closed","template":"","meta":{"footnotes":""},"class_list":["post-54","page","type-page","status-publish","hentry"],"_links":{"self":[{"href":"https:\/\/schuelnerds.ch\/index.php\/wp-json\/wp\/v2\/pages\/54","targetHints":{"allow":["GET"]}}],"collection":[{"href":"https:\/\/schuelnerds.ch\/index.php\/wp-json\/wp\/v2\/pages"}],"about":[{"href":"https:\/\/schuelnerds.ch\/index.php\/wp-json\/wp\/v2\/types\/page"}],"author":[{"embeddable":true,"href":"https:\/\/schuelnerds.ch\/index.php\/wp-json\/wp\/v2\/users\/1"}],"replies":[{"embeddable":true,"href":"https:\/\/schuelnerds.ch\/index.php\/wp-json\/wp\/v2\/comments?post=54"}],"version-history":[{"count":2,"href":"https:\/\/schuelnerds.ch\/index.php\/wp-json\/wp\/v2\/pages\/54\/revisions"}],"predecessor-version":[{"id":60,"href":"https:\/\/schuelnerds.ch\/index.php\/wp-json\/wp\/v2\/pages\/54\/revisions\/60"}],"wp:attachment":[{"href":"https:\/\/schuelnerds.ch\/index.php\/wp-json\/wp\/v2\/media?parent=54"}],"curies":[{"name":"wp","href":"https:\/\/api.w.org\/{rel}","templated":true}]}}