{"id":58,"date":"2023-04-30T17:31:39","date_gmt":"2023-04-30T15:31:39","guid":{"rendered":"https:\/\/schuelnerds.ch\/?page_id=58"},"modified":"2023-04-30T17:34:15","modified_gmt":"2023-04-30T15:34:15","slug":"informationen","status":"publish","type":"page","link":"https:\/\/schuelnerds.ch\/index.php\/informationen\/","title":{"rendered":"Informationen"},"content":{"rendered":"\n<p><strong>Kostenpauschale<\/strong><br>F\u00fcr Sch\u00fclerinnen und Sch\u00fcler der&nbsp;<strong>1. bis 3. Grundstufe: CHF 15.-<br><\/strong>F\u00fcr Sch\u00fclerinnen und Sch\u00fcler der&nbsp;<strong>2. bis 6. Primarstufe: CHF 40.-<\/strong><br>Unabh\u00e4ngig davon, f\u00fcr wie viele Angebote angemeldet wird.<\/p>\n\n\n\n<p>Die&nbsp;<strong>Zahlung<\/strong>&nbsp;ist erst&nbsp;<strong>nach der Sportwoche<\/strong>&nbsp;zu t\u00e4tigen; beachten Sie bitte seperate Information im Schreiben von Ende November 2022.<\/p>\n\n\n\n<p>Die Anmeldungen sind verbindlich.<\/p>\n\n\n\n<p>Anmeldungen<br><strong>Grundstufe und Primarschule<br>Vom Freitag, 25. November 2022<br>bis Dienstag, 6. Dezember 2022<\/strong><br><br>Nach dieser Anmeldefrist k\u00f6nnen keine weiteren Anmeldungen ber\u00fccksichtigt werden.<\/p>\n\n\n\n<p><strong>Abmeldungen<\/strong><br><strong>Abmeldungen sind ebenfalls online m\u00f6glich bis Freitag, 3. Februar 2023.<\/strong><\/p>\n\n\n\n<p><strong>Kurzfristige Abmeldungen w\u00e4hrend der Sportwoche sind nur telefonisch m\u00f6glich \u2013 t\u00e4glich ab 07:30 Uhr:<\/strong><\/p>\n\n\n\n<p class=\"has-primary-background-color has-background\">Telefonnummer!!!!!!!!!!!!!!!!!!!!!!!!!!!!!!!!!!!!!!!!!!<\/p>\n\n\n\n<p><strong>Haftung:<\/strong><br>Versicherung ist Sache der Teilnehmerinnen und Teilnehmer.<\/p>\n","protected":false},"excerpt":{"rendered":"<p>KostenpauschaleF\u00fcr Sch\u00fclerinnen und Sch\u00fcler der&nbsp;1. bis 3. Grundstufe: CHF 15.-F\u00fcr Sch\u00fclerinnen und Sch\u00fcler der&nbsp;2. bis 6. Primarstufe: CHF 40.-Unabh\u00e4ngig davon, f\u00fcr wie viele Angebote angemeldet wird. Die&nbsp;Zahlung&nbsp;ist erst&nbsp;nach der Sportwoche&nbsp;zu t\u00e4tigen; beachten Sie bitte seperate Information im Schreiben von Ende November 2022. Die Anmeldungen sind verbindlich. AnmeldungenGrundstufe und PrimarschuleVom Freitag, 25. November 2022bis Dienstag, 6. [&hellip;]<\/p>\n","protected":false},"author":1,"featured_media":0,"parent":0,"menu_order":0,"comment_status":"closed","ping_status":"closed","template":"","meta":{"footnotes":""},"class_list":["post-58","page","type-page","status-publish","hentry"],"_links":{"self":[{"href":"https:\/\/schuelnerds.ch\/index.php\/wp-json\/wp\/v2\/pages\/58","targetHints":{"allow":["GET"]}}],"collection":[{"href":"https:\/\/schuelnerds.ch\/index.php\/wp-json\/wp\/v2\/pages"}],"about":[{"href":"https:\/\/schuelnerds.ch\/index.php\/wp-json\/wp\/v2\/types\/page"}],"author":[{"embeddable":true,"href":"https:\/\/schuelnerds.ch\/index.php\/wp-json\/wp\/v2\/users\/1"}],"replies":[{"embeddable":true,"href":"https:\/\/schuelnerds.ch\/index.php\/wp-json\/wp\/v2\/comments?post=58"}],"version-history":[{"count":2,"href":"https:\/\/schuelnerds.ch\/index.php\/wp-json\/wp\/v2\/pages\/58\/revisions"}],"predecessor-version":[{"id":61,"href":"https:\/\/schuelnerds.ch\/index.php\/wp-json\/wp\/v2\/pages\/58\/revisions\/61"}],"wp:attachment":[{"href":"https:\/\/schuelnerds.ch\/index.php\/wp-json\/wp\/v2\/media?parent=58"}],"curies":[{"name":"wp","href":"https:\/\/api.w.org\/{rel}","templated":true}]}}